{"id":771,"date":"2025-07-30T16:22:46","date_gmt":"2025-07-30T14:22:46","guid":{"rendered":"https:\/\/runroute66forals.org\/politica-de-privacidad\/"},"modified":"2025-10-20T08:32:23","modified_gmt":"2025-10-20T06:32:23","slug":"politica-de-privacidad","status":"publish","type":"page","link":"https:\/\/runroute66forals.org\/es\/politica-de-privacidad\/","title":{"rendered":"Pol\u00edtica de privacidad"},"content":{"rendered":"\n<h2 class=\"wp-block-heading\">Who we are<\/h2>\n\n<p><strong class=\"privacy-policy-tutorial\">Sugested text:<\/strong> Our website address is: https:\/\/runroute66forals.org.<\/p>\n\n<h2 class=\"wp-block-heading\">Comments<\/h2>\n\n<p><strong class=\"privacy-policy-tutorial\">Sugerido texto:<\/strong> Las visitas leave comments en el sitio de la colecci\u00f3n de fechas se muestran en las comments form, y tambi\u00e9n en los visitores IP address and browser user agent string to help spam detection.<\/p>\n\n<p>Anonymized string created from your e-mail address (alas called a hash) puede ser providido a la grabaci\u00f3n de servicio para obtener y se puede utilizar. The Gravatar service privacy policy es disponible here: https:\/\/automattic.com\/privacy\/. After approval de su comentario, su profile de imagen es visible en el p\u00fablico en el contexto de su comentario. <\/p>\n\n<h2 class=\"wp-block-heading\">Media<\/h2>\n\n<p><strong class=\"privacy-policy-tutorial\">Sugerido texto:<\/strong> Cuando upload images en el sitio web, puedes avoid uploading images with embedded location data (EXIF GPS) included. Visitores para el sitio web se puede descargar y extraer el a\u00f1o para fecha de im\u00e1genes en el sitio web. <\/p>\n\n<h2 class=\"wp-block-heading\">Cookies<\/h2>\n\n<p><strong class=\"privacy-policy-tutorial\">Sugerido texto:<\/strong> If you leave a comment en nuestro sitio yoy opte por saving mi name, email address y website en cookies. There are for your convenience son que el no puede tener hijo en tu detalle again when you leave another comment. Las cookies se deben a un a\u00f1o.  <\/p>\n\n<p>Has visitado la p\u00e1gina web, que ha sido instalada en una cookie temprana para determinar y su navegador acepta cookies. Estas cookies no son personales personalizadas y se discardan cuando se close su navegador. <\/p>\n\n<p>Para que se encuentren, se pueden instalar en su serio cookies para saber su informaci\u00f3n de informaci\u00f3n y su pantalla de display. Login cookies last para 2 d\u00edas, y se crean opciones cookies last para year. Para seleccionar \"Remember Me\", su nombre de usuario est\u00e1 persistente para dos weeks. Cuando usted consiga un account, las logines cookies deben removerse.   <\/p>\n\n<p>Cuando edit\u00f3 o publishe un art\u00edculo, una adici\u00f3n de cookie debe estar savedada en su navegador. Esta cookie incluye no personal fecha y simplemente indica el post ID de art\u00edculo y justo editado. It expiras after 1 day.  <\/p>\n\n<h2 class=\"wp-block-heading\">Embedded content from other websites<\/h2>\n\n<p><strong class=\"privacy-policy-tutorial\">Sugerido texto:<\/strong> Art\u00edculos donde este sitio include embedded content (eg videos, im\u00e1genes, art\u00edculos, etc.). Embedded content from other websites behaves en el exacto de la misma manera que el visitante ha visitado el other website. <\/p>\n\n<p>Thes website collect data sobre tu, use cookies, embeded adicional third-party tracking, y monitor su interacci\u00f3n s that embedded content, including tracking your interacci\u00f3n s embedded content you have account and logged in to web.<\/p>\n\n<h2 class=\"wp-block-heading\">Who we share your data with<\/h2>\n\n<p><strong class=\"privacy-policy-tutorial\">Sugerido texto:<\/strong> Cuando requiera un password reset, su IP address se incluye en el reset email.<\/p>\n\n<h2 class=\"wp-block-heading\">How long we retain your data<\/h2>\n\n<p><strong class=\"privacy-policy-tutorial\">Sugerido texto:<\/strong> Cuando leave comment, el comentario y su metadata se retained indefinitely. Este es un recognize y approve a\u00f1o. <\/p>\n\n<p>Para usuarios que registran en nuestro sitio web (y a\u00f1o), est\u00e1n a cargo de la informaci\u00f3n personalizada que provide en sus usuarios profile. All users can see, edit, or delete their personal information al a\u00f1o time (excepto they cannot change their username). Website administrators can tambi\u00e9n see and edit that information.  <\/p>\n\n<h2 class=\"wp-block-heading\">What rights you have over your data<\/h2>\n\n<p><strong class=\"privacy-policy-tutorial\">Sugerido texto:<\/strong> Cuando usted ha recurrido a este sitio, o hab\u00eda left comentaris, puede requirir el recibo en exportar archivos de la personalidad de la fecha que se ha publicado yo, incluyendo el a\u00f1o de fecha y que ha sido providado. You can also request that we erase a\u00f1o personal fecha we hold about you. Estas no incluyen a\u00f1o a fecha que se obligan a administrar, legal, o seguridad purposas.  <\/p>\n\n<h2 class=\"wp-block-heading\">Where your data is siente<\/h2>\n\n<p><strong class=\"privacy-policy-tutorial\">Sugested text:<\/strong> Visitor comments puede ser checked through automated spam detection service.<\/p>\n","protected":false},"excerpt":{"rendered":"<p>Who we are Sugested text: Our website address is: https:\/\/runroute66forals.org. Comments Sugerido texto: Las visitas leave comments en el sitio de la colecci\u00f3n de fechas se muestran en las comments form, y tambi\u00e9n en los visitores IP address and browser user agent string to help spam detection. Anonymized string created from your e-mail address (alas [&hellip;]<\/p>\n","protected":false},"author":1,"featured_media":0,"parent":0,"menu_order":0,"comment_status":"closed","ping_status":"closed","template":"","meta":{"footnotes":""},"class_list":["post-771","page","type-page","status-publish","hentry"],"yoast_head":"<!-- This site is optimized with the Yoast SEO plugin v27.2 - https:\/\/yoast.com\/product\/yoast-seo-wordpress\/ -->\n<title>Pol\u00edtica de privacidad - Run route 66 for als<\/title>\n<meta name=\"robots\" content=\"index, follow, max-snippet:-1, max-image-preview:large, max-video-preview:-1\" \/>\n<link rel=\"canonical\" href=\"https:\/\/runroute66forals.org\/es\/politica-de-privacidad\/\" \/>\n<meta property=\"og:locale\" content=\"es_ES\" \/>\n<meta property=\"og:type\" content=\"article\" \/>\n<meta property=\"og:title\" content=\"Pol\u00edtica de privacidad - Run route 66 for als\" \/>\n<meta property=\"og:description\" content=\"Who we are Sugested text: Our website address is: https:\/\/runroute66forals.org. Comments Sugerido texto: Las visitas leave comments en el sitio de la colecci\u00f3n de fechas se muestran en las comments form, y tambi\u00e9n en los visitores IP address and browser user agent string to help spam detection. Anonymized string created from your e-mail address (alas [&hellip;]\" \/>\n<meta property=\"og:url\" content=\"https:\/\/runroute66forals.org\/es\/politica-de-privacidad\/\" \/>\n<meta property=\"og:site_name\" content=\"Run route 66 for als\" \/>\n<meta property=\"article:modified_time\" content=\"2025-10-20T06:32:23+00:00\" \/>\n<meta name=\"twitter:card\" content=\"summary_large_image\" \/>\n<meta name=\"twitter:label1\" content=\"Tiempo de lectura\" \/>\n\t<meta name=\"twitter:data1\" content=\"3 minutos\" \/>\n<script type=\"application\/ld+json\" class=\"yoast-schema-graph\">{\"@context\":\"https:\/\/schema.org\",\"@graph\":[{\"@type\":\"WebPage\",\"@id\":\"https:\/\/runroute66forals.org\/es\/politica-de-privacidad\/\",\"url\":\"https:\/\/runroute66forals.org\/es\/politica-de-privacidad\/\",\"name\":\"Pol\u00edtica de privacidad - Run route 66 for als\",\"isPartOf\":{\"@id\":\"https:\/\/runroute66forals.org\/es\/#website\"},\"datePublished\":\"2025-07-30T14:22:46+00:00\",\"dateModified\":\"2025-10-20T06:32:23+00:00\",\"breadcrumb\":{\"@id\":\"https:\/\/runroute66forals.org\/es\/politica-de-privacidad\/#breadcrumb\"},\"inLanguage\":\"es\",\"potentialAction\":[{\"@type\":\"ReadAction\",\"target\":[\"https:\/\/runroute66forals.org\/es\/politica-de-privacidad\/\"]}]},{\"@type\":\"BreadcrumbList\",\"@id\":\"https:\/\/runroute66forals.org\/es\/politica-de-privacidad\/#breadcrumb\",\"itemListElement\":[{\"@type\":\"ListItem\",\"position\":1,\"name\":\"Inici\",\"item\":\"https:\/\/runroute66forals.org\/es\/inicio\/\"},{\"@type\":\"ListItem\",\"position\":2,\"name\":\"Pol\u00edtica de privacidad\"}]},{\"@type\":\"WebSite\",\"@id\":\"https:\/\/runroute66forals.org\/es\/#website\",\"url\":\"https:\/\/runroute66forals.org\/es\/\",\"name\":\"Run route 66 for als\",\"description\":\"Running from Chicago to Los Angeles supporting ALS awareness\",\"publisher\":{\"@id\":\"https:\/\/runroute66forals.org\/es\/#organization\"},\"potentialAction\":[{\"@type\":\"SearchAction\",\"target\":{\"@type\":\"EntryPoint\",\"urlTemplate\":\"https:\/\/runroute66forals.org\/es\/?s={search_term_string}\"},\"query-input\":{\"@type\":\"PropertyValueSpecification\",\"valueRequired\":true,\"valueName\":\"search_term_string\"}}],\"inLanguage\":\"es\"},{\"@type\":\"Organization\",\"@id\":\"https:\/\/runroute66forals.org\/es\/#organization\",\"name\":\"Recorre la ruta 66 por als\",\"url\":\"https:\/\/runroute66forals.org\/es\/\",\"logo\":{\"@type\":\"ImageObject\",\"inLanguage\":\"es\",\"@id\":\"https:\/\/runroute66forals.org\/es\/#\/schema\/logo\/image\/\",\"url\":\"https:\/\/runroute66forals.org\/wp-content\/uploads\/2025\/07\/logotipBlau.png\",\"contentUrl\":\"https:\/\/runroute66forals.org\/wp-content\/uploads\/2025\/07\/logotipBlau.png\",\"width\":492,\"height\":507,\"caption\":\"Recorre la ruta 66 por als\"},\"image\":{\"@id\":\"https:\/\/runroute66forals.org\/es\/#\/schema\/logo\/image\/\"}}]}<\/script>\n<!-- \/ Yoast SEO plugin. -->","yoast_head_json":{"title":"Pol\u00edtica de privacidad - Run route 66 for als","robots":{"index":"index","follow":"follow","max-snippet":"max-snippet:-1","max-image-preview":"max-image-preview:large","max-video-preview":"max-video-preview:-1"},"canonical":"https:\/\/runroute66forals.org\/es\/politica-de-privacidad\/","og_locale":"es_ES","og_type":"article","og_title":"Pol\u00edtica de privacidad - Run route 66 for als","og_description":"Who we are Sugested text: Our website address is: https:\/\/runroute66forals.org. Comments Sugerido texto: Las visitas leave comments en el sitio de la colecci\u00f3n de fechas se muestran en las comments form, y tambi\u00e9n en los visitores IP address and browser user agent string to help spam detection. Anonymized string created from your e-mail address (alas [&hellip;]","og_url":"https:\/\/runroute66forals.org\/es\/politica-de-privacidad\/","og_site_name":"Run route 66 for als","article_modified_time":"2025-10-20T06:32:23+00:00","twitter_card":"summary_large_image","twitter_misc":{"Tiempo de lectura":"3 minutos"},"schema":{"@context":"https:\/\/schema.org","@graph":[{"@type":"WebPage","@id":"https:\/\/runroute66forals.org\/es\/politica-de-privacidad\/","url":"https:\/\/runroute66forals.org\/es\/politica-de-privacidad\/","name":"Pol\u00edtica de privacidad - Run route 66 for als","isPartOf":{"@id":"https:\/\/runroute66forals.org\/es\/#website"},"datePublished":"2025-07-30T14:22:46+00:00","dateModified":"2025-10-20T06:32:23+00:00","breadcrumb":{"@id":"https:\/\/runroute66forals.org\/es\/politica-de-privacidad\/#breadcrumb"},"inLanguage":"es","potentialAction":[{"@type":"ReadAction","target":["https:\/\/runroute66forals.org\/es\/politica-de-privacidad\/"]}]},{"@type":"BreadcrumbList","@id":"https:\/\/runroute66forals.org\/es\/politica-de-privacidad\/#breadcrumb","itemListElement":[{"@type":"ListItem","position":1,"name":"Inici","item":"https:\/\/runroute66forals.org\/es\/inicio\/"},{"@type":"ListItem","position":2,"name":"Pol\u00edtica de privacidad"}]},{"@type":"WebSite","@id":"https:\/\/runroute66forals.org\/es\/#website","url":"https:\/\/runroute66forals.org\/es\/","name":"Run route 66 for als","description":"Running from Chicago to Los Angeles supporting ALS awareness","publisher":{"@id":"https:\/\/runroute66forals.org\/es\/#organization"},"potentialAction":[{"@type":"SearchAction","target":{"@type":"EntryPoint","urlTemplate":"https:\/\/runroute66forals.org\/es\/?s={search_term_string}"},"query-input":{"@type":"PropertyValueSpecification","valueRequired":true,"valueName":"search_term_string"}}],"inLanguage":"es"},{"@type":"Organization","@id":"https:\/\/runroute66forals.org\/es\/#organization","name":"Recorre la ruta 66 por als","url":"https:\/\/runroute66forals.org\/es\/","logo":{"@type":"ImageObject","inLanguage":"es","@id":"https:\/\/runroute66forals.org\/es\/#\/schema\/logo\/image\/","url":"https:\/\/runroute66forals.org\/wp-content\/uploads\/2025\/07\/logotipBlau.png","contentUrl":"https:\/\/runroute66forals.org\/wp-content\/uploads\/2025\/07\/logotipBlau.png","width":492,"height":507,"caption":"Recorre la ruta 66 por als"},"image":{"@id":"https:\/\/runroute66forals.org\/es\/#\/schema\/logo\/image\/"}}]}},"_links":{"self":[{"href":"https:\/\/runroute66forals.org\/es\/wp-json\/wp\/v2\/pages\/771","targetHints":{"allow":["GET"]}}],"collection":[{"href":"https:\/\/runroute66forals.org\/es\/wp-json\/wp\/v2\/pages"}],"about":[{"href":"https:\/\/runroute66forals.org\/es\/wp-json\/wp\/v2\/types\/page"}],"author":[{"embeddable":true,"href":"https:\/\/runroute66forals.org\/es\/wp-json\/wp\/v2\/users\/1"}],"replies":[{"embeddable":true,"href":"https:\/\/runroute66forals.org\/es\/wp-json\/wp\/v2\/comments?post=771"}],"version-history":[{"count":3,"href":"https:\/\/runroute66forals.org\/es\/wp-json\/wp\/v2\/pages\/771\/revisions"}],"predecessor-version":[{"id":777,"href":"https:\/\/runroute66forals.org\/es\/wp-json\/wp\/v2\/pages\/771\/revisions\/777"}],"wp:attachment":[{"href":"https:\/\/runroute66forals.org\/es\/wp-json\/wp\/v2\/media?parent=771"}],"curies":[{"name":"wp","href":"https:\/\/api.w.org\/{rel}","templated":true}]}}